{"id":125,"date":"2019-12-18T18:27:54","date_gmt":"2019-12-18T18:27:54","guid":{"rendered":"https:\/\/sox.ee\/?page_id=125"},"modified":"2025-02-25T16:57:35","modified_gmt":"2025-02-25T16:57:35","slug":"vota-uhendust","status":"publish","type":"page","link":"https:\/\/sox.ee\/?page_id=125","title":{"rendered":"Kontakt"},"content":{"rendered":"\n<p><\/p>\n\n\n\n<div class=\"wp-block-media-text is-stacked-on-mobile\"><figure class=\"wp-block-media-text__media\"><img loading=\"lazy\" decoding=\"async\" width=\"818\" height=\"1024\" src=\"https:\/\/sox.ee\/wp-content\/uploads\/2022\/10\/Kris-818x1024.jpg\" alt=\"\" class=\"wp-image-5194 size-full\" srcset=\"https:\/\/sox.ee\/wp-content\/uploads\/2022\/10\/Kris-818x1024.jpg 818w, https:\/\/sox.ee\/wp-content\/uploads\/2022\/10\/Kris-240x300.jpg 240w, https:\/\/sox.ee\/wp-content\/uploads\/2022\/10\/Kris-768x961.jpg 768w, https:\/\/sox.ee\/wp-content\/uploads\/2022\/10\/Kris-1227x1536.jpg 1227w, https:\/\/sox.ee\/wp-content\/uploads\/2022\/10\/Kris-416x521.jpg 416w, https:\/\/sox.ee\/wp-content\/uploads\/2022\/10\/Kris.jpg 1440w\" sizes=\"auto, (max-width: 818px) 100vw, 818px\" \/><\/figure><div class=\"wp-block-media-text__content\">\n<p class=\"has-text-align-left\">Mina olen <strong><mark style=\"background-color:rgba(0, 0, 0, 0)\" class=\"has-inline-color has-vivid-red-color\">Kristina<\/mark><\/strong> ja mina olengi sinu v\u00e4ike abiline, kes aitab sinu uued lemmiksokid valmis teha. <br>Disainin, tr\u00fckin, pressin ja saadan ka pakid sinu poole kiirelt teele.<\/p>\n\n\n\n<p><\/p>\n\n\n\n<p class=\"has-text-align-left\">Kirjuta mulle v\u00f5i v\u00f5ta julgelt k\u00fcsimuste korral \u00fchendust.<\/p>\n\n\n\n<p class=\"has-text-align-left\"><strong><mark style=\"background-color:rgba(0, 0, 0, 0)\" class=\"has-inline-color has-vivid-red-color\">Tel: +372 5699 6997<br>E-post:&nbsp;<a href=\"mailto:hello@sox.ee\">hello@sox.ee<\/a><\/mark><\/strong><\/p>\n\n\n\n<p class=\"has-text-align-left\">SOX O\u00dc<br>Registrikood:\u00a017184369<br>Rakvere, L\u00e4\u00e4ne-Viru maakond<\/p>\n\n\n\n<p class=\"has-text-align-left\">LHV: <a href=\"https:\/\/www.lhv.ee\/portfolio\/reports_cur.cfm?i_portfolio_id=101151070&amp;vi=0\">EE147700771011510708<\/a><br>IBAN: <a href=\"https:\/\/www.lhv.ee\/portfolio\/reports_cur.cfm?i_portfolio_id=101151070&amp;vi=0\">EE147700771011510708<\/a><br>Swift kood\/BIC: LHVBEE22<\/p>\n<\/div><\/div>\n\n\n\n<p><\/p>\n","protected":false},"excerpt":{"rendered":"<p>Mina olen Kristina ja mina olengi sinu v\u00e4ike abiline, kes aitab sinu uued lemmiksokid valmis teha. Disainin, tr\u00fckin, pressin ja saadan ka pakid sinu poole kiirelt teele. Kirjuta mulle v\u00f5i v\u00f5ta julgelt k\u00fcsimuste korral \u00fchendust. Tel: +372 5699 6997E-post:&nbsp;hello@sox.ee SOX O\u00dcRegistrikood:\u00a017184369Rakvere, L\u00e4\u00e4ne-Viru maakond LHV: EE147700771011510708IBAN: EE147700771011510708Swift kood\/BIC: LHVBEE22<\/p>\n","protected":false},"author":1,"featured_media":0,"parent":0,"menu_order":0,"comment_status":"closed","ping_status":"closed","template":"","meta":{"footnotes":""},"class_list":["post-125","page","type-page","status-publish","hentry"],"_links":{"self":[{"href":"https:\/\/sox.ee\/index.php?rest_route=\/wp\/v2\/pages\/125","targetHints":{"allow":["GET"]}}],"collection":[{"href":"https:\/\/sox.ee\/index.php?rest_route=\/wp\/v2\/pages"}],"about":[{"href":"https:\/\/sox.ee\/index.php?rest_route=\/wp\/v2\/types\/page"}],"author":[{"embeddable":true,"href":"https:\/\/sox.ee\/index.php?rest_route=\/wp\/v2\/users\/1"}],"replies":[{"embeddable":true,"href":"https:\/\/sox.ee\/index.php?rest_route=%2Fwp%2Fv2%2Fcomments&post=125"}],"version-history":[{"count":36,"href":"https:\/\/sox.ee\/index.php?rest_route=\/wp\/v2\/pages\/125\/revisions"}],"predecessor-version":[{"id":7873,"href":"https:\/\/sox.ee\/index.php?rest_route=\/wp\/v2\/pages\/125\/revisions\/7873"}],"wp:attachment":[{"href":"https:\/\/sox.ee\/index.php?rest_route=%2Fwp%2Fv2%2Fmedia&parent=125"}],"curies":[{"name":"wp","href":"https:\/\/api.w.org\/{rel}","templated":true}]}}