{"id":3216,"date":"2020-12-10T19:05:00","date_gmt":"2020-12-10T19:05:00","guid":{"rendered":"https:\/\/sox.ee\/?page_id=3216"},"modified":"2025-11-11T08:09:16","modified_gmt":"2025-11-11T08:09:16","slug":"sokid-pakiautomaati","status":"publish","type":"page","link":"https:\/\/sox.ee\/?page_id=3216","title":{"rendered":"Sokid valmis 24 tunni jooksul"},"content":{"rendered":"\n<p class=\"has-medium-font-size\"><strong>Mina olen Kristina<\/strong> ja mina olengi see inimene, kes valmistab k\u00f5ik tellitud sokid k\u00e4sit\u00f6\u00f6na alustades disainimisest kuni pakiautomaati viimiseni.<br><br>K\u00f5ik tellimused teen t\u00f6\u00f6p\u00e4eviti valmis 24 tunni jooksul, kuid arvesse tuleb v\u00f5tta ka seda, et Omniva transport Teie poolt tellitud pakiautomaati v\u00f5ib v\u00f5tta kuni 1-3 t\u00f6\u00f6p\u00e4eva.<br><\/p>\n\n\n\n<p class=\"has-medium-font-size\"><mark style=\"background-color:rgba(0, 0, 0, 0)\" class=\"has-inline-color has-vivid-red-color\"><strong>\u00dcldjoontes j\u00f5uab pakk kohale kahe t\u00f6\u00f6p\u00e4eva jooksul peale tellimuse esitamist. <\/strong><\/mark><\/p>\n\n\n\n<p class=\"has-medium-font-size\"><strong>*www.sox.ee (SOX O\u00fc) ei vastuta Omniva transporditeenuste eest s.h hilinemiste ja tarneaja\/koha muutuste eest.<\/strong><br><br>Tellimused, mis on tehtud n\u00e4dalavahetusel ja tellitud pakiautomaati, siis saadan need v\u00e4lja esmasp\u00e4eval ning pakid j\u00f5uavad sellest ajast tellijani kuni 3 t\u00f6\u00f6p\u00e4eva jooksul.<br><strong> <\/strong><br>Kui sul on mure v\u00f5i k\u00fcsimus kohaletoimetamise osas, siis kirjuta mulle julgelt: <a href=\"mailto:hello@sox.ee\" target=\"_blank\" rel=\"noreferrer noopener\">hello@sox.ee<\/a><\/p>\n\n\n\n<p class=\"has-medium-font-size\"><strong>Kristina<\/strong><br>Sokiekspert<\/p>\n\n\n\n<figure class=\"wp-block-image size-full is-resized\"><img loading=\"lazy\" decoding=\"async\" width=\"818\" height=\"1024\" src=\"https:\/\/sox.ee\/wp-content\/uploads\/2024\/10\/Kris.webp\" alt=\"\" class=\"wp-image-7389\" style=\"aspect-ratio:0.75;object-fit:cover;width:234px;height:auto\" srcset=\"https:\/\/sox.ee\/wp-content\/uploads\/2024\/10\/Kris.webp 818w, https:\/\/sox.ee\/wp-content\/uploads\/2024\/10\/Kris-240x300.webp 240w, https:\/\/sox.ee\/wp-content\/uploads\/2024\/10\/Kris-768x961.webp 768w, https:\/\/sox.ee\/wp-content\/uploads\/2024\/10\/Kris-416x521.webp 416w\" sizes=\"auto, (max-width: 818px) 100vw, 818px\" \/><\/figure>\n","protected":false},"excerpt":{"rendered":"<p>Mina olen Kristina ja mina olengi see inimene, kes valmistab k\u00f5ik tellitud sokid k\u00e4sit\u00f6\u00f6na alustades disainimisest kuni pakiautomaati viimiseni. K\u00f5ik tellimused teen t\u00f6\u00f6p\u00e4eviti valmis 24 tunni jooksul, kuid arvesse tuleb v\u00f5tta ka seda, et Omniva transport Teie poolt tellitud pakiautomaati v\u00f5ib v\u00f5tta kuni 1-3 t\u00f6\u00f6p\u00e4eva. \u00dcldjoontes j\u00f5uab pakk kohale kahe t\u00f6\u00f6p\u00e4eva jooksul peale tellimuse esitamist. [&hellip;]<\/p>\n","protected":false},"author":1,"featured_media":0,"parent":0,"menu_order":0,"comment_status":"closed","ping_status":"closed","template":"","meta":{"footnotes":""},"class_list":["post-3216","page","type-page","status-publish","hentry"],"_links":{"self":[{"href":"https:\/\/sox.ee\/index.php?rest_route=\/wp\/v2\/pages\/3216","targetHints":{"allow":["GET"]}}],"collection":[{"href":"https:\/\/sox.ee\/index.php?rest_route=\/wp\/v2\/pages"}],"about":[{"href":"https:\/\/sox.ee\/index.php?rest_route=\/wp\/v2\/types\/page"}],"author":[{"embeddable":true,"href":"https:\/\/sox.ee\/index.php?rest_route=\/wp\/v2\/users\/1"}],"replies":[{"embeddable":true,"href":"https:\/\/sox.ee\/index.php?rest_route=%2Fwp%2Fv2%2Fcomments&post=3216"}],"version-history":[{"count":23,"href":"https:\/\/sox.ee\/index.php?rest_route=\/wp\/v2\/pages\/3216\/revisions"}],"predecessor-version":[{"id":8109,"href":"https:\/\/sox.ee\/index.php?rest_route=\/wp\/v2\/pages\/3216\/revisions\/8109"}],"wp:attachment":[{"href":"https:\/\/sox.ee\/index.php?rest_route=%2Fwp%2Fv2%2Fmedia&parent=3216"}],"curies":[{"name":"wp","href":"https:\/\/api.w.org\/{rel}","templated":true}]}}