{"id":6419,"date":"2023-11-04T09:35:07","date_gmt":"2023-11-04T09:35:07","guid":{"rendered":"https:\/\/sox.ee\/?page_id=6419"},"modified":"2023-11-04T09:53:24","modified_gmt":"2023-11-04T09:53:24","slug":"sokipaarid-ettevotetele","status":"publish","type":"page","link":"https:\/\/sox.ee\/?page_id=6419","title":{"rendered":"Sokipaarid ettev\u00f5tetele"},"content":{"rendered":"\n<div class=\"wp-block-media-text is-stacked-on-mobile\"><figure class=\"wp-block-media-text__media\"><img loading=\"lazy\" decoding=\"async\" width=\"768\" height=\"1024\" src=\"https:\/\/sox.ee\/wp-content\/uploads\/2021\/03\/126471413_205451427630845_5232992791041502294_o-768x1024.jpg\" alt=\"\" class=\"wp-image-3714 size-full\" srcset=\"https:\/\/sox.ee\/wp-content\/uploads\/2021\/03\/126471413_205451427630845_5232992791041502294_o-768x1024.jpg 768w, https:\/\/sox.ee\/wp-content\/uploads\/2021\/03\/126471413_205451427630845_5232992791041502294_o-225x300.jpg 225w, https:\/\/sox.ee\/wp-content\/uploads\/2021\/03\/126471413_205451427630845_5232992791041502294_o-1152x1536.jpg 1152w, https:\/\/sox.ee\/wp-content\/uploads\/2021\/03\/126471413_205451427630845_5232992791041502294_o-416x555.jpg 416w, https:\/\/sox.ee\/wp-content\/uploads\/2021\/03\/126471413_205451427630845_5232992791041502294_o.jpg 1512w\" sizes=\"auto, (max-width: 768px) 100vw, 768px\" \/><\/figure><div class=\"wp-block-media-text__content\">\n<p><\/p>\n\n\n\n<p>Soovid tellida oma ettev\u00f5ttele n\u00e4opildiga v\u00f5i logoga sokke?<\/p>\n\n\n\n<p><\/p>\n\n\n\n<p><\/p>\n\n\n\n<p><br><strong>Tellides 10 paari ja rohkem, saan teha  tellimuselt 20% soodustust. <\/strong><\/p>\n\n\n\n<p><br><br>Oma soovist kirjuta mulle: <strong>hello@sox.ee<\/strong><\/p>\n\n\n\n<p><\/p>\n\n\n\n<p>Kristina<\/p>\n<\/div><\/div>\n","protected":false},"excerpt":{"rendered":"<p>Soovid tellida oma ettev\u00f5ttele n\u00e4opildiga v\u00f5i logoga sokke? Tellides 10 paari ja rohkem, saan teha tellimuselt 20% soodustust. Oma soovist kirjuta mulle: hello@sox.ee Kristina<\/p>\n","protected":false},"author":1,"featured_media":0,"parent":0,"menu_order":0,"comment_status":"closed","ping_status":"closed","template":"","meta":{"footnotes":""},"class_list":["post-6419","page","type-page","status-publish","hentry"],"_links":{"self":[{"href":"https:\/\/sox.ee\/index.php?rest_route=\/wp\/v2\/pages\/6419","targetHints":{"allow":["GET"]}}],"collection":[{"href":"https:\/\/sox.ee\/index.php?rest_route=\/wp\/v2\/pages"}],"about":[{"href":"https:\/\/sox.ee\/index.php?rest_route=\/wp\/v2\/types\/page"}],"author":[{"embeddable":true,"href":"https:\/\/sox.ee\/index.php?rest_route=\/wp\/v2\/users\/1"}],"replies":[{"embeddable":true,"href":"https:\/\/sox.ee\/index.php?rest_route=%2Fwp%2Fv2%2Fcomments&post=6419"}],"version-history":[{"count":8,"href":"https:\/\/sox.ee\/index.php?rest_route=\/wp\/v2\/pages\/6419\/revisions"}],"predecessor-version":[{"id":6433,"href":"https:\/\/sox.ee\/index.php?rest_route=\/wp\/v2\/pages\/6419\/revisions\/6433"}],"wp:attachment":[{"href":"https:\/\/sox.ee\/index.php?rest_route=%2Fwp%2Fv2%2Fmedia&parent=6419"}],"curies":[{"name":"wp","href":"https:\/\/api.w.org\/{rel}","templated":true}]}}