{"id":721,"date":"2020-01-12T17:21:40","date_gmt":"2020-01-12T17:21:40","guid":{"rendered":"https:\/\/sox.ee\/?page_id=721"},"modified":"2023-09-08T07:05:50","modified_gmt":"2023-09-08T07:05:50","slug":"kuidas-tellida-millist-foto-on-sobiv","status":"publish","type":"page","link":"https:\/\/sox.ee\/?page_id=721","title":{"rendered":"Kuidas tellida? Milline foto on sobiv?"},"content":{"rendered":"\n<ol class=\"wp-block-list\">\n<li>Vajuta sobivale tootele, mida soovid osta (lemmikuga sokid; n\u00e4opildiga sokid v\u00f5i m\u00f5ni muu toode).<\/li>\n\n\n\n<li>Vali soki suurus, laadi \u00fcles sokile minev pilt ja vali soki taustamuster.<\/li>\n\n\n\n<li>Sisesta kogus, mitu paari sama disainiga sokke sooviksid osta. Kui soovid tellida erineva disainiga sokke, siis on vaja lisada iga disain eraldi ostukorvi.<\/li>\n\n\n\n<li>Sooduskupongi olemasolul sisesta kupongi kood sobivasse lahtrisse ning vajuta &#8220;KASUTA KUPONGI&#8221; ning mine j\u00e4rgmisesse etappi.<\/li>\n\n\n\n<li>Sisesta vajalikud andmed, vali sobiv makseviis ja tarneviis (transport on k\u00f5ikidele tellimustele TASUTA) ning l\u00f5peta tellimus.<\/li>\n<\/ol>\n\n\n\n<p class=\"has-text-align-center\"><mark style=\"background-color:rgba(0, 0, 0, 0)\" class=\"has-inline-color has-vivid-red-color\"><strong>MILLINE FOTO ON SOBIV<\/strong>?<\/mark><\/p>\n\n\n\n<figure class=\"wp-block-image size-large\"><img loading=\"lazy\" decoding=\"async\" width=\"1768\" height=\"2560\" src=\"https:\/\/i2.wp.com\/sox.ee\/wp-content\/uploads\/2020\/01\/Loomade-kollaaz-scaled.jpg?fit=707%2C1024&amp;ssl=1\" alt=\"\" class=\"wp-image-967\" srcset=\"https:\/\/sox.ee\/wp-content\/uploads\/2020\/01\/Loomade-kollaaz-scaled.jpg 1768w, https:\/\/sox.ee\/wp-content\/uploads\/2020\/01\/Loomade-kollaaz-207x300.jpg 207w, https:\/\/sox.ee\/wp-content\/uploads\/2020\/01\/Loomade-kollaaz-707x1024.jpg 707w, https:\/\/sox.ee\/wp-content\/uploads\/2020\/01\/Loomade-kollaaz-768x1112.jpg 768w, https:\/\/sox.ee\/wp-content\/uploads\/2020\/01\/Loomade-kollaaz-1061x1536.jpg 1061w, https:\/\/sox.ee\/wp-content\/uploads\/2020\/01\/Loomade-kollaaz-1415x2048.jpg 1415w, https:\/\/sox.ee\/wp-content\/uploads\/2020\/01\/Loomade-kollaaz-416x602.jpg 416w\" sizes=\"auto, (max-width: 1768px) 100vw, 1768px\" \/><\/figure>\n","protected":false},"excerpt":{"rendered":"<p>MILLINE FOTO ON SOBIV?<\/p>\n","protected":false},"author":1,"featured_media":0,"parent":0,"menu_order":0,"comment_status":"closed","ping_status":"closed","template":"","meta":{"footnotes":""},"class_list":["post-721","page","type-page","status-publish","hentry"],"_links":{"self":[{"href":"https:\/\/sox.ee\/index.php?rest_route=\/wp\/v2\/pages\/721","targetHints":{"allow":["GET"]}}],"collection":[{"href":"https:\/\/sox.ee\/index.php?rest_route=\/wp\/v2\/pages"}],"about":[{"href":"https:\/\/sox.ee\/index.php?rest_route=\/wp\/v2\/types\/page"}],"author":[{"embeddable":true,"href":"https:\/\/sox.ee\/index.php?rest_route=\/wp\/v2\/users\/1"}],"replies":[{"embeddable":true,"href":"https:\/\/sox.ee\/index.php?rest_route=%2Fwp%2Fv2%2Fcomments&post=721"}],"version-history":[{"count":17,"href":"https:\/\/sox.ee\/index.php?rest_route=\/wp\/v2\/pages\/721\/revisions"}],"predecessor-version":[{"id":6279,"href":"https:\/\/sox.ee\/index.php?rest_route=\/wp\/v2\/pages\/721\/revisions\/6279"}],"wp:attachment":[{"href":"https:\/\/sox.ee\/index.php?rest_route=%2Fwp%2Fv2%2Fmedia&parent=721"}],"curies":[{"name":"wp","href":"https:\/\/api.w.org\/{rel}","templated":true}]}}