{"id":376,"date":"2019-12-26T15:40:59","date_gmt":"2019-12-26T15:40:59","guid":{"rendered":"https:\/\/sox.ee\/?post_type=product&#038;p=376"},"modified":"2025-01-29T08:02:18","modified_gmt":"2025-01-29T08:02:18","slug":"naopildiga","status":"publish","type":"product","link":"https:\/\/sox.ee\/?product=naopildiga","title":{"rendered":"N\u00c4OPILDIGA SOKID"},"content":{"rendered":"<div class=\"column\">\n<p><span style=\"color: #000000;\"><strong>Sinu uued lemmiksokid<\/strong> <\/span>valmivad sokiekspert <a href=\"https:\/\/sox.ee\/?page_id=125\" target=\"_blank\" rel=\"noopener noreferrer\">Kristina<\/a> k\u00e4e all k\u00e4sit\u00f6\u00f6na. Tema t\u00f6\u00f6tleb ja l\u00f5ikab sinu saadetud pildi sokkidele sobivaks, tr\u00fckib, pressib ja valmistab ka k\u00f5ik muu.<\/p>\n<h3><strong><span style=\"color: #ff0000;\">SOX<\/span><\/strong> sokid:<\/h3>\n<ul>\n<li>on 100% personaliseeritud, erksad ja ainulaadsed klassikalised sokid.<\/li>\n<li>on seest m\u00f5nusalt pehmed (puuvill) ja parima tr\u00fcki saavutamiseks v\u00e4ljast tehtud pol\u00fcestrist (koostis: 25% puuvill, 70% pol\u00fcester ja 5% elastaan).<\/li>\n<li>kestavad kaua ja v\u00e4rvid ei tuhmu pesus, kui hoolitsed nende eest \u00f5igesti. Soovitame pesta pahempidi keeratuna k\u00fclma v\u00f5i madala temperatuuriga, kuivatada n\u00f6\u00f6ril v\u00f5i kuivatusrestil ja sokke palun mitte triikida.<img loading=\"lazy\" decoding=\"async\" class=\"alignnone size-medium wp-image-1072\" src=\"https:\/\/sox.ee\/wp-content\/uploads\/2019\/12\/pesu-300x53.jpg\" alt=\"\" width=\"300\" height=\"53\" srcset=\"https:\/\/sox.ee\/wp-content\/uploads\/2019\/12\/pesu-300x53.jpg 300w, https:\/\/sox.ee\/wp-content\/uploads\/2019\/12\/pesu-416x74.jpg 416w, https:\/\/sox.ee\/wp-content\/uploads\/2019\/12\/pesu.jpg 438w\" sizes=\"auto, (max-width: 300px) 100vw, 300px\" \/><\/li>\n<li>on tr\u00fckitud t\u00e4ies ulatuses ning kanna ja varvaste osa on must.<\/li>\n<li>sobivad nii meestele kui ka naistele.<\/li>\n<\/ul>\n<p>SUURUSED:<\/p>\n<p>S\u00a0 35 &#8211; 39: Sisetalla pikkus (cm) 22 &#8211; 24<br \/>\nM 40 &#8211; 44: Sisetalla pikkus (cm) 25 &#8211; 28<br \/>\nL\u00a0 45 &#8211; 46: Sisetalla pikkus (cm) 29 &#8211; 30<br \/>\nXL 47 &#8211; 48: Sisetalla pikkus (cm) 31 &#8211; 32<\/p>\n<\/div>\n","protected":false},"excerpt":{"rendered":"<p>Aitan sul luua k\u00f5ige erilisemad sokid ja seda sinu saadetud pildiga. Sokid, mis p\u00fc\u00fcavad garanteeritult k\u00f5igi t\u00e4helepanu.<\/p>\n<ul>\n<li><b>TASUTA TRANSPORT pakiautomaati<\/b><\/li>\n<li>Sokid valmistan 24h jooksul peale tellimuse esitamist, millele lisandub transpordiaeg.<\/li>\n<li>Sokid on universaalsed ja sobivad kanda erinevate jalan\u00f5udega.<\/li>\n<li>Lisa tellimusse sobiv pilt ja mina teen k\u00f5ik \u00fclej\u00e4\u00e4nu.<\/li>\n<li>Sobivad nii meestele kui ka naistele.<\/li>\n<li>Tehtud pehmest puuvilla ja pol\u00fcestri segust.<\/li>\n<li>V\u00e4ga v\u00e4rvirikkad sokid, mis ei tuhmu pesus.<\/li>\n<\/ul>\n<hr \/>\n<p style=\"padding-left: 40px;\"><span style=\"color: #ff0000;\"><strong><a style=\"color: #ff0000;\" href=\"https:\/\/sox.ee\/?page_id=721\">&#8211;&gt; KAS MU PILT ON PIISAVALT HEA? &lt;&#8211;<\/a><\/strong><\/span><\/p>\n<hr \/>\n<p style=\"padding-left: 40px;\">\n","protected":false},"featured_media":3738,"template":"","meta":[],"product_brand":[],"product_cat":[15],"product_tag":[27,28,24,23],"class_list":{"0":"post-376","1":"product","2":"type-product","3":"status-publish","4":"has-post-thumbnail","6":"product_cat-pildiga-sokid","7":"product_tag-naoga-sokid","8":"product_tag-pildiga-sokid","9":"product_tag-sokid","10":"product_tag-sokk","12":"first","13":"instock","14":"shipping-taxable","15":"purchasable","16":"product-type-simple"},"_links":{"self":[{"href":"https:\/\/sox.ee\/index.php?rest_route=\/wp\/v2\/product\/376","targetHints":{"allow":["GET"]}}],"collection":[{"href":"https:\/\/sox.ee\/index.php?rest_route=\/wp\/v2\/product"}],"about":[{"href":"https:\/\/sox.ee\/index.php?rest_route=\/wp\/v2\/types\/product"}],"wp:featuredmedia":[{"embeddable":true,"href":"https:\/\/sox.ee\/index.php?rest_route=\/wp\/v2\/media\/3738"}],"wp:attachment":[{"href":"https:\/\/sox.ee\/index.php?rest_route=%2Fwp%2Fv2%2Fmedia&parent=376"}],"wp:term":[{"taxonomy":"product_brand","embeddable":true,"href":"https:\/\/sox.ee\/index.php?rest_route=%2Fwp%2Fv2%2Fproduct_brand&post=376"},{"taxonomy":"product_cat","embeddable":true,"href":"https:\/\/sox.ee\/index.php?rest_route=%2Fwp%2Fv2%2Fproduct_cat&post=376"},{"taxonomy":"product_tag","embeddable":true,"href":"https:\/\/sox.ee\/index.php?rest_route=%2Fwp%2Fv2%2Fproduct_tag&post=376"}],"curies":[{"name":"wp","href":"https:\/\/api.w.org\/{rel}","templated":true}]}}